{"id":3,"date":"2023-04-05T20:32:30","date_gmt":"2023-04-05T18:32:30","guid":{"rendered":"http:\/\/mtl-issoudun.fr\/?page_id=3"},"modified":"2023-12-18T15:29:13","modified_gmt":"2023-12-18T14:29:13","slug":"politique-de-confidentialite","status":"publish","type":"page","link":"https:\/\/mtl-issoudun.fr\/index.php\/politique-de-confidentialite\/","title":{"rendered":"Politique de confidentialit\u00e9"},"content":{"rendered":"\r\n<h2 class=\"wp-block-heading\">Qui sommes-nous\u00a0?<\/h2>\r\n\r\n\r\n\r\n<p>L\u2019adresse de notre site est\u00a0: https:\/\/mtl-issoudun.fr.<\/p>\r\n\r\n\r\n\r\n\r\n\r\n\r\n\r\n<h2 class=\"wp-block-heading\">Cookies<\/h2>\r\n\r\n\r\n\r\n\r\n\r\n<p>Si vous vous rendez sur la page de connexion, un cookie temporaire sera cr\u00e9\u00e9 afin de d\u00e9terminer si votre navigateur accepte les cookies. Il ne contient pas de donn\u00e9es personnelles et sera supprim\u00e9 automatiquement \u00e0 la fermeture de votre navigateur.<\/p>\r\n\r\n\r\n\r\n<p>Lorsque vous vous connecterez, nous mettrons en place un certain nombre de cookies pour enregistrer vos informations de connexion et vos pr\u00e9f\u00e9rences d\u2019\u00e9cran. La dur\u00e9e de vie d\u2019un cookie de connexion est de deux jours, celle d\u2019un cookie d\u2019option d\u2019\u00e9cran est d\u2019un an. Si vous cochez \u00ab\u00a0Se souvenir de moi\u00a0\u00bb, votre cookie de connexion sera conserv\u00e9 pendant deux semaines. Si vous vous d\u00e9connectez de votre compte, le cookie de connexion sera effac\u00e9.<\/p>\r\n\r\n\r\n\r\n<p>En modifiant ou en publiant une publication, un cookie suppl\u00e9mentaire sera enregistr\u00e9 dans votre navigateur. Ce cookie ne comprend aucune donn\u00e9e personnelle. Il indique simplement l\u2019ID de la publication que vous venez de modifier. Il expire au bout d\u2019un jour.<\/p>\r\n\r\n\r\n\r\n<h2 class=\"wp-block-heading\">Contenu embarqu\u00e9 depuis d\u2019autres sites<\/h2>\r\n\r\n\r\n\r\n<p>Les articles de ce site peuvent inclure des contenus int\u00e9gr\u00e9s (par exemple des vid\u00e9os, images, articles\u2026). Le contenu int\u00e9gr\u00e9 depuis d\u2019autres sites se comporte de la m\u00eame mani\u00e8re que si le visiteur se rendait sur cet autre site.<\/p>\r\n\r\n\r\n\r\n<p>Ces sites web pourraient collecter des donn\u00e9es sur vous, utiliser des cookies, embarquer des outils de suivis tiers, suivre vos interactions avec ces contenus embarqu\u00e9s si vous disposez d\u2019un compte connect\u00e9 sur leur site web.<\/p>\r\n\r\n\r\n\r\n\r\n\r\n\r\n\r\n<h2 class=\"wp-block-heading\">Les droits que vous avez sur vos donn\u00e9es<\/h2>\r\n\r\n\r\n\r\n<p>Vous ne pouvez avoir de compte ou laisser des commentaires sur le site, nous n&rsquo;avons donc pas ces donn\u00e9es personnelles \u00e0 votre sujet. Vous pouvez demander la suppression des donn\u00e9es personnelles vous concernant via le formulaire de contact. Cela ne prend pas en compte les donn\u00e9es stock\u00e9es \u00e0 des fins administratives, l\u00e9gales ou pour des raisons de s\u00e9curit\u00e9.<\/p>\r\n\r\n\r\n","protected":false},"excerpt":{"rendered":"<p>Qui sommes-nous\u00a0? L\u2019adresse de notre site est\u00a0: https:\/\/mtl-issoudun.fr. Cookies Si vous vous rendez sur la page de connexion, un cookie temporaire sera cr\u00e9\u00e9 afin de d\u00e9terminer si votre navigateur accepte&#8230;<\/p>\n","protected":false},"author":1,"featured_media":0,"parent":0,"menu_order":0,"comment_status":"closed","ping_status":"open","template":"","meta":{"footnotes":""},"class_list":["post-3","page","type-page","status-publish"],"yoast_head":"<!-- This site is optimized with the Yoast SEO plugin v21.7 - https:\/\/yoast.com\/wordpress\/plugins\/seo\/ -->\n<title>Politique de confidentialit\u00e9 - MTL Services logistiques Issoudun<\/title>\n<meta name=\"robots\" content=\"index, follow, max-snippet:-1, max-image-preview:large, max-video-preview:-1\" \/>\n<link rel=\"canonical\" href=\"https:\/\/mtl-issoudun.fr\/index.php\/politique-de-confidentialite\/\" \/>\n<meta property=\"og:locale\" content=\"fr_FR\" \/>\n<meta property=\"og:type\" content=\"article\" \/>\n<meta property=\"og:title\" content=\"Politique de confidentialit\u00e9 - MTL Services logistiques Issoudun\" \/>\n<meta property=\"og:description\" content=\"Qui sommes-nous\u00a0? L\u2019adresse de notre site est\u00a0: https:\/\/mtl-issoudun.fr. Cookies Si vous vous rendez sur la page de connexion, un cookie temporaire sera cr\u00e9\u00e9 afin de d\u00e9terminer si votre navigateur accepte...\" \/>\n<meta property=\"og:url\" content=\"https:\/\/mtl-issoudun.fr\/index.php\/politique-de-confidentialite\/\" \/>\n<meta property=\"og:site_name\" content=\"MTL Services logistiques Issoudun\" \/>\n<meta property=\"article:modified_time\" content=\"2023-12-18T14:29:13+00:00\" \/>\n<meta name=\"twitter:card\" content=\"summary_large_image\" \/>\n<meta name=\"twitter:label1\" content=\"Dur\u00e9e de lecture estim\u00e9e\" \/>\n\t<meta name=\"twitter:data1\" content=\"2 minutes\" \/>\n<script type=\"application\/ld+json\" class=\"yoast-schema-graph\">{\"@context\":\"https:\/\/schema.org\",\"@graph\":[{\"@type\":\"WebPage\",\"@id\":\"https:\/\/mtl-issoudun.fr\/index.php\/politique-de-confidentialite\/\",\"url\":\"https:\/\/mtl-issoudun.fr\/index.php\/politique-de-confidentialite\/\",\"name\":\"Politique de confidentialit\u00e9 - MTL Services logistiques Issoudun\",\"isPartOf\":{\"@id\":\"https:\/\/mtl-issoudun.fr\/#website\"},\"datePublished\":\"2023-04-05T18:32:30+00:00\",\"dateModified\":\"2023-12-18T14:29:13+00:00\",\"breadcrumb\":{\"@id\":\"https:\/\/mtl-issoudun.fr\/index.php\/politique-de-confidentialite\/#breadcrumb\"},\"inLanguage\":\"fr-FR\",\"potentialAction\":[{\"@type\":\"ReadAction\",\"target\":[\"https:\/\/mtl-issoudun.fr\/index.php\/politique-de-confidentialite\/\"]}]},{\"@type\":\"BreadcrumbList\",\"@id\":\"https:\/\/mtl-issoudun.fr\/index.php\/politique-de-confidentialite\/#breadcrumb\",\"itemListElement\":[{\"@type\":\"ListItem\",\"position\":1,\"name\":\"Accueil\",\"item\":\"https:\/\/mtl-issoudun.fr\/\"},{\"@type\":\"ListItem\",\"position\":2,\"name\":\"Politique de confidentialit\u00e9\"}]},{\"@type\":\"WebSite\",\"@id\":\"https:\/\/mtl-issoudun.fr\/#website\",\"url\":\"https:\/\/mtl-issoudun.fr\/\",\"name\":\"MTL Services logistiques Issoudun\",\"description\":\"Centre de stockage, aire de stationnement\",\"publisher\":{\"@id\":\"https:\/\/mtl-issoudun.fr\/#organization\"},\"potentialAction\":[{\"@type\":\"SearchAction\",\"target\":{\"@type\":\"EntryPoint\",\"urlTemplate\":\"https:\/\/mtl-issoudun.fr\/?s={search_term_string}\"},\"query-input\":\"required name=search_term_string\"}],\"inLanguage\":\"fr-FR\"},{\"@type\":\"Organization\",\"@id\":\"https:\/\/mtl-issoudun.fr\/#organization\",\"name\":\"MTL Services logistiques Issoudun\",\"url\":\"https:\/\/mtl-issoudun.fr\/\",\"logo\":{\"@type\":\"ImageObject\",\"inLanguage\":\"fr-FR\",\"@id\":\"https:\/\/mtl-issoudun.fr\/#\/schema\/logo\/image\/\",\"url\":\"https:\/\/mtl-issoudun.fr\/wp-content\/uploads\/2023\/04\/LOGO-FINAL.png\",\"contentUrl\":\"https:\/\/mtl-issoudun.fr\/wp-content\/uploads\/2023\/04\/LOGO-FINAL.png\",\"width\":1961,\"height\":947,\"caption\":\"MTL Services logistiques Issoudun\"},\"image\":{\"@id\":\"https:\/\/mtl-issoudun.fr\/#\/schema\/logo\/image\/\"}}]}<\/script>\n<!-- \/ Yoast SEO plugin. -->","yoast_head_json":{"title":"Politique de confidentialit\u00e9 - MTL Services logistiques Issoudun","robots":{"index":"index","follow":"follow","max-snippet":"max-snippet:-1","max-image-preview":"max-image-preview:large","max-video-preview":"max-video-preview:-1"},"canonical":"https:\/\/mtl-issoudun.fr\/index.php\/politique-de-confidentialite\/","og_locale":"fr_FR","og_type":"article","og_title":"Politique de confidentialit\u00e9 - MTL Services logistiques Issoudun","og_description":"Qui sommes-nous\u00a0? L\u2019adresse de notre site est\u00a0: https:\/\/mtl-issoudun.fr. Cookies Si vous vous rendez sur la page de connexion, un cookie temporaire sera cr\u00e9\u00e9 afin de d\u00e9terminer si votre navigateur accepte...","og_url":"https:\/\/mtl-issoudun.fr\/index.php\/politique-de-confidentialite\/","og_site_name":"MTL Services logistiques Issoudun","article_modified_time":"2023-12-18T14:29:13+00:00","twitter_card":"summary_large_image","twitter_misc":{"Dur\u00e9e de lecture estim\u00e9e":"2 minutes"},"schema":{"@context":"https:\/\/schema.org","@graph":[{"@type":"WebPage","@id":"https:\/\/mtl-issoudun.fr\/index.php\/politique-de-confidentialite\/","url":"https:\/\/mtl-issoudun.fr\/index.php\/politique-de-confidentialite\/","name":"Politique de confidentialit\u00e9 - MTL Services logistiques Issoudun","isPartOf":{"@id":"https:\/\/mtl-issoudun.fr\/#website"},"datePublished":"2023-04-05T18:32:30+00:00","dateModified":"2023-12-18T14:29:13+00:00","breadcrumb":{"@id":"https:\/\/mtl-issoudun.fr\/index.php\/politique-de-confidentialite\/#breadcrumb"},"inLanguage":"fr-FR","potentialAction":[{"@type":"ReadAction","target":["https:\/\/mtl-issoudun.fr\/index.php\/politique-de-confidentialite\/"]}]},{"@type":"BreadcrumbList","@id":"https:\/\/mtl-issoudun.fr\/index.php\/politique-de-confidentialite\/#breadcrumb","itemListElement":[{"@type":"ListItem","position":1,"name":"Accueil","item":"https:\/\/mtl-issoudun.fr\/"},{"@type":"ListItem","position":2,"name":"Politique de confidentialit\u00e9"}]},{"@type":"WebSite","@id":"https:\/\/mtl-issoudun.fr\/#website","url":"https:\/\/mtl-issoudun.fr\/","name":"MTL Services logistiques Issoudun","description":"Centre de stockage, aire de stationnement","publisher":{"@id":"https:\/\/mtl-issoudun.fr\/#organization"},"potentialAction":[{"@type":"SearchAction","target":{"@type":"EntryPoint","urlTemplate":"https:\/\/mtl-issoudun.fr\/?s={search_term_string}"},"query-input":"required name=search_term_string"}],"inLanguage":"fr-FR"},{"@type":"Organization","@id":"https:\/\/mtl-issoudun.fr\/#organization","name":"MTL Services logistiques Issoudun","url":"https:\/\/mtl-issoudun.fr\/","logo":{"@type":"ImageObject","inLanguage":"fr-FR","@id":"https:\/\/mtl-issoudun.fr\/#\/schema\/logo\/image\/","url":"https:\/\/mtl-issoudun.fr\/wp-content\/uploads\/2023\/04\/LOGO-FINAL.png","contentUrl":"https:\/\/mtl-issoudun.fr\/wp-content\/uploads\/2023\/04\/LOGO-FINAL.png","width":1961,"height":947,"caption":"MTL Services logistiques Issoudun"},"image":{"@id":"https:\/\/mtl-issoudun.fr\/#\/schema\/logo\/image\/"}}]}},"_links":{"self":[{"href":"https:\/\/mtl-issoudun.fr\/index.php\/wp-json\/wp\/v2\/pages\/3","targetHints":{"allow":["GET"]}}],"collection":[{"href":"https:\/\/mtl-issoudun.fr\/index.php\/wp-json\/wp\/v2\/pages"}],"about":[{"href":"https:\/\/mtl-issoudun.fr\/index.php\/wp-json\/wp\/v2\/types\/page"}],"author":[{"embeddable":true,"href":"https:\/\/mtl-issoudun.fr\/index.php\/wp-json\/wp\/v2\/users\/1"}],"replies":[{"embeddable":true,"href":"https:\/\/mtl-issoudun.fr\/index.php\/wp-json\/wp\/v2\/comments?post=3"}],"version-history":[{"count":1,"href":"https:\/\/mtl-issoudun.fr\/index.php\/wp-json\/wp\/v2\/pages\/3\/revisions"}],"predecessor-version":[{"id":172,"href":"https:\/\/mtl-issoudun.fr\/index.php\/wp-json\/wp\/v2\/pages\/3\/revisions\/172"}],"wp:attachment":[{"href":"https:\/\/mtl-issoudun.fr\/index.php\/wp-json\/wp\/v2\/media?parent=3"}],"curies":[{"name":"wp","href":"https:\/\/api.w.org\/{rel}","templated":true}]}}